{"id":778,"date":"2020-09-14T17:17:06","date_gmt":"2020-09-14T15:17:06","guid":{"rendered":"http:\/\/www.empp.co.uk\/wordpress\/?page_id=778"},"modified":"2023-04-12T17:17:44","modified_gmt":"2023-04-12T15:17:44","slug":"finanse","status":"publish","type":"page","link":"https:\/\/www.empp.co.uk\/wordpress\/finanse\/","title":{"rendered":"Finanse"},"content":{"rendered":"\n<h2 class=\"wp-block-heading\">Finanse<\/h2>\n\n\n<p style=\"text-align: center;\"><strong>Dzia\u0142alno\u015b\u0107 i poszczeg\u00f3lne projekty SPS finansowane s\u0105 przez:<\/strong><\/p>\n<p><img loading=\"lazy\" decoding=\"async\" class=\"alignleft size-full wp-image-861\" src=\"http:\/\/www.empp.co.uk\/wordpress\/wp-content\/uploads\/2020\/09\/loga-1.jpg\" alt=\"\" width=\"830\" height=\"198\" srcset=\"https:\/\/www.empp.co.uk\/wordpress\/wp-content\/uploads\/2020\/09\/loga-1.jpg 830w, https:\/\/www.empp.co.uk\/wordpress\/wp-content\/uploads\/2020\/09\/loga-1-300x72.jpg 300w, https:\/\/www.empp.co.uk\/wordpress\/wp-content\/uploads\/2020\/09\/loga-1-768x183.jpg 768w\" sizes=\"auto, (max-width: 830px) 100vw, 830px\" \/><\/p>","protected":false},"excerpt":{"rendered":"<p>Finanse Dzia\u0142alno\u015b\u0107 i poszczeg\u00f3lne projekty SPS finansowane s\u0105 przez:<\/p>\n","protected":false},"author":1,"featured_media":0,"parent":0,"menu_order":0,"comment_status":"closed","ping_status":"closed","template":"","meta":{"footnotes":""},"class_list":["post-778","page","type-page","status-publish","hentry"],"_links":{"self":[{"href":"https:\/\/www.empp.co.uk\/wordpress\/wp-json\/wp\/v2\/pages\/778","targetHints":{"allow":["GET"]}}],"collection":[{"href":"https:\/\/www.empp.co.uk\/wordpress\/wp-json\/wp\/v2\/pages"}],"about":[{"href":"https:\/\/www.empp.co.uk\/wordpress\/wp-json\/wp\/v2\/types\/page"}],"author":[{"embeddable":true,"href":"https:\/\/www.empp.co.uk\/wordpress\/wp-json\/wp\/v2\/users\/1"}],"replies":[{"embeddable":true,"href":"https:\/\/www.empp.co.uk\/wordpress\/wp-json\/wp\/v2\/comments?post=778"}],"version-history":[{"count":12,"href":"https:\/\/www.empp.co.uk\/wordpress\/wp-json\/wp\/v2\/pages\/778\/revisions"}],"predecessor-version":[{"id":2246,"href":"https:\/\/www.empp.co.uk\/wordpress\/wp-json\/wp\/v2\/pages\/778\/revisions\/2246"}],"wp:attachment":[{"href":"https:\/\/www.empp.co.uk\/wordpress\/wp-json\/wp\/v2\/media?parent=778"}],"curies":[{"name":"wp","href":"https:\/\/api.w.org\/{rel}","templated":true}]}}