{"id":695,"date":"2020-07-22T17:49:02","date_gmt":"2020-07-22T15:49:02","guid":{"rendered":"http:\/\/www.empp.co.uk\/wordpress\/?page_id=695"},"modified":"2023-04-12T17:19:48","modified_gmt":"2023-04-12T15:19:48","slug":"kurs-it","status":"publish","type":"page","link":"https:\/\/www.empp.co.uk\/wordpress\/kurs-it\/","title":{"rendered":"Kurs IT"},"content":{"rendered":"\n<h2 class=\"wp-block-heading\">Kurs IT<\/h2>\n\n\n<p>SPS w ubieg\u0142ych latach organizowa\u0142o kursy komputerowe dla pocz\u0105tkuj\u0105cych, podczas kt\u00f3rych uczestnicy dowiaduj\u0105 si\u0119 wi\u0119cej<br>\no systemie Windows, oraz ucz\u0105 si\u0119 jak pracowa\u0107 z programami Word i Excel (np. potrafi\u0105 napisa\u0107 swoje CV, zrobi\u0107 bud\u017cet domowy, czy przedstawi\u0107 dane liczbowe na wykresach).<\/p>\n<p>Co uczestnicy m\u00f3wili o kursie IT?<\/p>\n<blockquote><p><em>&#8222;Dzi\u0119ki kursowi w SPS nie musz\u0119 prosi\u0107 syna o pomoc w w\u0142\u0105czeniu komputera za ka\u017cdym razem gdy chc\u0119 poczyta\u0107 wiadomo\u015bci w Internecie. Co wi\u0119cej, utrzymuj\u0119 kontakt mailowy z przyjaci\u00f3\u0142mi za granic\u0105.&#8221;<\/em><\/p>\n<p><em>&#8222;Polecam wszystkim kurs IT w SPS. Zaprzyja\u017ani\u0142em si\u0119 z innymi uczestnikami, by\u0142o bardzo weso\u0142o. Kiedy nauczy\u0142em si\u0119 przeprowadza\u0107 proste dzia\u0142ania matematyczne w Excelu, czu\u0142em si\u0119 jakbym zdoby\u0142 Mount Everest.&#8221;<\/em><\/p><\/blockquote>\n<p>Wi\u0119cej informacji mo\u017cna otrzyma\u0107 pod numerem 01159781396.<\/p>\n<p><img loading=\"lazy\" decoding=\"async\" class=\"aligncenter size-full wp-image-946\" src=\"http:\/\/www.empp.co.uk\/wordpress\/wp-content\/uploads\/2020\/09\/castcav-1.jpg\" alt=\"\" width=\"298\" height=\"164\"><\/p>","protected":false},"excerpt":{"rendered":"<p>Kurs IT SPS w ubieg\u0142ych latach organizowa\u0142o kursy komputerowe dla pocz\u0105tkuj\u0105cych, podczas kt\u00f3rych uczestnicy dowiaduj\u0105 si\u0119 wi\u0119cej o systemie Windows, oraz ucz\u0105 si\u0119 jak pracowa\u0107 z programami Word i Excel (np. potrafi\u0105 napisa\u0107 swoje CV, zrobi\u0107 bud\u017cet domowy, czy przedstawi\u0107 dane liczbowe na wykresach). Co uczestnicy m\u00f3wili o kursie IT? &#8222;Dzi\u0119ki kursowi w SPS nie [&hellip;]<\/p>\n","protected":false},"author":1,"featured_media":0,"parent":0,"menu_order":0,"comment_status":"closed","ping_status":"closed","template":"","meta":{"footnotes":""},"class_list":["post-695","page","type-page","status-publish","hentry"],"_links":{"self":[{"href":"https:\/\/www.empp.co.uk\/wordpress\/wp-json\/wp\/v2\/pages\/695","targetHints":{"allow":["GET"]}}],"collection":[{"href":"https:\/\/www.empp.co.uk\/wordpress\/wp-json\/wp\/v2\/pages"}],"about":[{"href":"https:\/\/www.empp.co.uk\/wordpress\/wp-json\/wp\/v2\/types\/page"}],"author":[{"embeddable":true,"href":"https:\/\/www.empp.co.uk\/wordpress\/wp-json\/wp\/v2\/users\/1"}],"replies":[{"embeddable":true,"href":"https:\/\/www.empp.co.uk\/wordpress\/wp-json\/wp\/v2\/comments?post=695"}],"version-history":[{"count":9,"href":"https:\/\/www.empp.co.uk\/wordpress\/wp-json\/wp\/v2\/pages\/695\/revisions"}],"predecessor-version":[{"id":2253,"href":"https:\/\/www.empp.co.uk\/wordpress\/wp-json\/wp\/v2\/pages\/695\/revisions\/2253"}],"wp:attachment":[{"href":"https:\/\/www.empp.co.uk\/wordpress\/wp-json\/wp\/v2\/media?parent=695"}],"curies":[{"name":"wp","href":"https:\/\/api.w.org\/{rel}","templated":true}]}}