{"id":681,"date":"2020-07-22T16:17:53","date_gmt":"2020-07-22T14:17:53","guid":{"rendered":"http:\/\/www.empp.co.uk\/wordpress\/?page_id=681"},"modified":"2023-04-12T17:17:24","modified_gmt":"2023-04-12T15:17:24","slug":"esol","status":"publish","type":"page","link":"https:\/\/www.empp.co.uk\/wordpress\/esol\/","title":{"rendered":"ESOL"},"content":{"rendered":"\n<h2 class=\"wp-block-heading\"><strong>ESOL<\/strong><\/h2>\n\n\n<p>Ka\u017cdego roku pocz\u0105wszy od wrze\u015bnia SPS organizuje kursy j\u0119zyka angielskiego. Partnerem w dostarczaniu zaj\u0119\u0107 jest organizacja Castle Cavendish, kt\u00f3ra, po z\u0142o\u017ceniu przez SPS podania o fundusze, decyduje o przyznaniu finans\u00f3w.<\/p>\n<p>SPS organizuje kursy na poziomie \u015bredniozaawansowym oraz podstawowym. Rekrutacja na kursy rozpoczyna si\u0119 we wrze\u015bniu oraz w marcu. SPS przeprowadza testy sprawdzaj\u0105ce poziom znajomo\u015bci j\u0119zyka angielskiego.<\/p>\n<p>Wi\u0119cej informacji mo\u017cna otrzyma\u0107 pod numerem 01159781396 lub pod adresem info.empp@empp.co.uk.<\/p>\n<p><img loading=\"lazy\" decoding=\"async\" class=\"alignleft size-large wp-image-816\" src=\"http:\/\/www.empp.co.uk\/wordpress\/wp-content\/uploads\/2020\/09\/angblu-1024x664.jpg\" alt=\"\" width=\"1024\" height=\"664\" srcset=\"https:\/\/www.empp.co.uk\/wordpress\/wp-content\/uploads\/2020\/09\/angblu-1024x664.jpg 1024w, https:\/\/www.empp.co.uk\/wordpress\/wp-content\/uploads\/2020\/09\/angblu-300x194.jpg 300w, https:\/\/www.empp.co.uk\/wordpress\/wp-content\/uploads\/2020\/09\/angblu-768x498.jpg 768w, https:\/\/www.empp.co.uk\/wordpress\/wp-content\/uploads\/2020\/09\/angblu-1080x700.jpg 1080w, https:\/\/www.empp.co.uk\/wordpress\/wp-content\/uploads\/2020\/09\/angblu.jpg 1217w\" sizes=\"auto, (max-width: 1024px) 100vw, 1024px\" \/><\/p>","protected":false},"excerpt":{"rendered":"<p>ESOL Ka\u017cdego roku pocz\u0105wszy od wrze\u015bnia SPS organizuje kursy j\u0119zyka angielskiego. Partnerem w dostarczaniu zaj\u0119\u0107 jest organizacja Castle Cavendish, kt\u00f3ra, po z\u0142o\u017ceniu przez SPS podania o fundusze, decyduje o przyznaniu finans\u00f3w. SPS organizuje kursy na poziomie \u015bredniozaawansowym oraz podstawowym. Rekrutacja na kursy rozpoczyna si\u0119 we wrze\u015bniu oraz w marcu. SPS przeprowadza testy sprawdzaj\u0105ce poziom znajomo\u015bci [&hellip;]<\/p>\n","protected":false},"author":1,"featured_media":0,"parent":0,"menu_order":0,"comment_status":"closed","ping_status":"closed","template":"","meta":{"footnotes":""},"class_list":["post-681","page","type-page","status-publish","hentry"],"_links":{"self":[{"href":"https:\/\/www.empp.co.uk\/wordpress\/wp-json\/wp\/v2\/pages\/681","targetHints":{"allow":["GET"]}}],"collection":[{"href":"https:\/\/www.empp.co.uk\/wordpress\/wp-json\/wp\/v2\/pages"}],"about":[{"href":"https:\/\/www.empp.co.uk\/wordpress\/wp-json\/wp\/v2\/types\/page"}],"author":[{"embeddable":true,"href":"https:\/\/www.empp.co.uk\/wordpress\/wp-json\/wp\/v2\/users\/1"}],"replies":[{"embeddable":true,"href":"https:\/\/www.empp.co.uk\/wordpress\/wp-json\/wp\/v2\/comments?post=681"}],"version-history":[{"count":11,"href":"https:\/\/www.empp.co.uk\/wordpress\/wp-json\/wp\/v2\/pages\/681\/revisions"}],"predecessor-version":[{"id":2245,"href":"https:\/\/www.empp.co.uk\/wordpress\/wp-json\/wp\/v2\/pages\/681\/revisions\/2245"}],"wp:attachment":[{"href":"https:\/\/www.empp.co.uk\/wordpress\/wp-json\/wp\/v2\/media?parent=681"}],"curies":[{"name":"wp","href":"https:\/\/api.w.org\/{rel}","templated":true}]}}