{"id":666,"date":"2020-06-26T12:50:34","date_gmt":"2020-06-26T10:50:34","guid":{"rendered":"http:\/\/www.empp.co.uk\/wordpress\/?page_id=666"},"modified":"2023-04-12T17:18:57","modified_gmt":"2023-04-12T15:18:57","slug":"historia","status":"publish","type":"page","link":"https:\/\/www.empp.co.uk\/wordpress\/historia\/","title":{"rendered":"Historia"},"content":{"rendered":"\n<h2 class=\"wp-block-heading\"><strong>Historia<\/strong><\/h2>\n\n\n<p>Organizacja charytatywna&nbsp;<strong>The Signpost to Polish Success (SPS)<\/strong>&nbsp;jest organizacj\u0105 wspieraj\u0105c\u0105 Polak\u00f3w w Nottingham oraz na terenie East Midlands.<\/p>\n<p>SPS prowadzi dzia\u0142alno\u015b\u0107 od grudnia 2005 roku. Celem organizacji jest dzia\u0142anie na rzecz integracji nowo-przyby\u0142ych imigrant\u00f3w z Europy wschodniej, a przede wszystkim Polak\u00f3w. SPS wspiera imigrant\u00f3w poprzez organizowanie bezp\u0142atnych lekcji j\u0119zyka angielskiego oraz sesji informacyjnych, w czasie kt\u00f3rych bezp\u0142atnie pomaga w wype\u0142nianiu formularzy, t\u0142umaczeniu korespondencji z brytyjskich instytucji, itp. SPS organizuje tak\u017ce spotkania i imprezy okoliczno\u015bciowe.<\/p>\n<p>Od marca 2007,&nbsp;<strong>The Signpost to Polish Success (SPS)<\/strong>&nbsp;wydaje r\u00f3wnie\u017c bezp\u0142atny miesi\u0119cznik&nbsp;<strong>East Midlands po Polsku<\/strong>&nbsp;(wcze\u015bniej Nottingham po Polsku), w kt\u00f3rym imigranci informowani s\u0105 o lokalnych wydarzeniach spo\u0142eczno-politycznych oraz zagadnieniach kulturalnych.&nbsp;<strong>EMpP<\/strong>&nbsp;jest wynikiem pracy oraz zaanga\u017cowania wolontariuszy skupionych wok\u00f3\u0142 organizacji&nbsp;<strong>The Signpost to Polish Success<\/strong>.<\/p>","protected":false},"excerpt":{"rendered":"<p>Historia Organizacja charytatywna&nbsp;The Signpost to Polish Success (SPS)&nbsp;jest organizacj\u0105 wspieraj\u0105c\u0105 Polak\u00f3w w Nottingham oraz na terenie East Midlands. SPS prowadzi dzia\u0142alno\u015b\u0107 od grudnia 2005 roku. Celem organizacji jest dzia\u0142anie na rzecz integracji nowo-przyby\u0142ych imigrant\u00f3w z Europy wschodniej, a przede wszystkim Polak\u00f3w. SPS wspiera imigrant\u00f3w poprzez organizowanie bezp\u0142atnych lekcji j\u0119zyka angielskiego oraz sesji informacyjnych, w czasie [&hellip;]<\/p>\n","protected":false},"author":1,"featured_media":0,"parent":0,"menu_order":0,"comment_status":"closed","ping_status":"closed","template":"","meta":{"footnotes":""},"class_list":["post-666","page","type-page","status-publish","hentry"],"_links":{"self":[{"href":"https:\/\/www.empp.co.uk\/wordpress\/wp-json\/wp\/v2\/pages\/666","targetHints":{"allow":["GET"]}}],"collection":[{"href":"https:\/\/www.empp.co.uk\/wordpress\/wp-json\/wp\/v2\/pages"}],"about":[{"href":"https:\/\/www.empp.co.uk\/wordpress\/wp-json\/wp\/v2\/types\/page"}],"author":[{"embeddable":true,"href":"https:\/\/www.empp.co.uk\/wordpress\/wp-json\/wp\/v2\/users\/1"}],"replies":[{"embeddable":true,"href":"https:\/\/www.empp.co.uk\/wordpress\/wp-json\/wp\/v2\/comments?post=666"}],"version-history":[{"count":6,"href":"https:\/\/www.empp.co.uk\/wordpress\/wp-json\/wp\/v2\/pages\/666\/revisions"}],"predecessor-version":[{"id":2250,"href":"https:\/\/www.empp.co.uk\/wordpress\/wp-json\/wp\/v2\/pages\/666\/revisions\/2250"}],"wp:attachment":[{"href":"https:\/\/www.empp.co.uk\/wordpress\/wp-json\/wp\/v2\/media?parent=666"}],"curies":[{"name":"wp","href":"https:\/\/api.w.org\/{rel}","templated":true}]}}