{"id":615,"date":"2020-06-26T11:56:12","date_gmt":"2020-06-26T09:56:12","guid":{"rendered":"http:\/\/www.empp.co.uk\/wordpress\/?page_id=615"},"modified":"2023-04-12T17:21:03","modified_gmt":"2023-04-12T15:21:03","slug":"benefity","status":"publish","type":"page","link":"https:\/\/www.empp.co.uk\/wordpress\/benefity\/","title":{"rendered":"Sesje informacyjne"},"content":{"rendered":"\n<h2 class=\"wp-block-heading\">Sesje Informacyjne<\/h2>\n\n\n<p>Doradca SPS prowadzi sesje informacyjne z klientami biura cztery dni w tygodniu &#8211; od poniedzia\u0142ku do czwartku.<\/p>\n<p>Doradca pomaga m.in. w:<br>\u2013 obja\u015bnianiu i wype\u0142nianiu formularzy i dokument\u00f3w,<br>\u2013 t\u0142umaczeniu list\u00f3w z brytyjskich instytucji,<br>\u2013 obja\u015bnianiu korespondencji ze szk\u00f3\u0142,<br>\u2013 rejestracji u lekarza,<br>\u2013 kontaktach z dostawcami m.in. gazu, pr\u0105du, wody, internetu,<br>\u2013 wykonywaniu telefon\u00f3w w imieniu klient\u00f3w, itp.<\/p>\n<p>Pomagamy r\u00f3wnie\u017c w aplikowaniu o <strong>status osiedle\u0144ca<\/strong>.<\/p>\n<p>Osoby potrzebuj\u0105ce <strong>pilnej<\/strong> pomocy mog\u0105 zadzwoni\u0107 pod numer telefonu 0737 514 69 35.<\/p>\n<p>Ju\u017c teraz um\u00f3w si\u0119 na bezp\u0142atn\u0105 sesj\u0119 z doradc\u0105 w SPS. Pomagamy w wi\u0119kszo\u015bci spraw &#8211; dzia\u0142amy tak, jak dzia\u0142aj\u0105 polskie biura. Obecnie przyjmujemy tylko um\u00f3wionych wcze\u015bniej klient\u00f3w, dlatego prosimy o kontakt telefoniczny lub pisz\u0105c na adres <a href=\"mailto:help@empp.co.uk\">help@empp.co.uk<\/a>. Przypominamy, \u017ce <strong>biuro otwarte jest od poniedzia\u0142ku do czwartku<\/strong>.<\/p>\n<p><\/p>\n\n\n<div class=\"wp-block-image\"><figure class=\"aligncenter\"><img loading=\"lazy\" decoding=\"async\" width=\"1024\" height=\"1015\" src=\"https:\/\/www.empp.co.uk\/wordpress\/wp-content\/uploads\/2023\/04\/sesje-doradcze-z-adresem-1-1024x1015.jpg\" alt=\"\" class=\"wp-image-2224\" srcset=\"https:\/\/www.empp.co.uk\/wordpress\/wp-content\/uploads\/2023\/04\/sesje-doradcze-z-adresem-1-1024x1015.jpg 1024w, https:\/\/www.empp.co.uk\/wordpress\/wp-content\/uploads\/2023\/04\/sesje-doradcze-z-adresem-1-150x150.jpg 150w, https:\/\/www.empp.co.uk\/wordpress\/wp-content\/uploads\/2023\/04\/sesje-doradcze-z-adresem-1-300x297.jpg 300w, https:\/\/www.empp.co.uk\/wordpress\/wp-content\/uploads\/2023\/04\/sesje-doradcze-z-adresem-1-768x761.jpg 768w, https:\/\/www.empp.co.uk\/wordpress\/wp-content\/uploads\/2023\/04\/sesje-doradcze-z-adresem-1-600x595.jpg 600w, https:\/\/www.empp.co.uk\/wordpress\/wp-content\/uploads\/2023\/04\/sesje-doradcze-z-adresem-1.jpg 1541w\" sizes=\"auto, (max-width: 1024px) 100vw, 1024px\" \/><\/figure><\/div>\n","protected":false},"excerpt":{"rendered":"<p>Sesje Informacyjne Doradca SPS prowadzi sesje informacyjne z klientami biura cztery dni w tygodniu &#8211; od poniedzia\u0142ku do czwartku. Doradca pomaga m.in. w:\u2013 obja\u015bnianiu i wype\u0142nianiu formularzy i dokument\u00f3w,\u2013 t\u0142umaczeniu list\u00f3w z brytyjskich instytucji,\u2013 obja\u015bnianiu korespondencji ze szk\u00f3\u0142,\u2013 rejestracji u lekarza,\u2013 kontaktach z dostawcami m.in. gazu, pr\u0105du, wody, internetu,\u2013 wykonywaniu telefon\u00f3w w imieniu klient\u00f3w, itp. [&hellip;]<\/p>\n","protected":false},"author":1,"featured_media":0,"parent":0,"menu_order":0,"comment_status":"closed","ping_status":"closed","template":"","meta":{"footnotes":""},"class_list":["post-615","page","type-page","status-publish","hentry"],"_links":{"self":[{"href":"https:\/\/www.empp.co.uk\/wordpress\/wp-json\/wp\/v2\/pages\/615","targetHints":{"allow":["GET"]}}],"collection":[{"href":"https:\/\/www.empp.co.uk\/wordpress\/wp-json\/wp\/v2\/pages"}],"about":[{"href":"https:\/\/www.empp.co.uk\/wordpress\/wp-json\/wp\/v2\/types\/page"}],"author":[{"embeddable":true,"href":"https:\/\/www.empp.co.uk\/wordpress\/wp-json\/wp\/v2\/users\/1"}],"replies":[{"embeddable":true,"href":"https:\/\/www.empp.co.uk\/wordpress\/wp-json\/wp\/v2\/comments?post=615"}],"version-history":[{"count":19,"href":"https:\/\/www.empp.co.uk\/wordpress\/wp-json\/wp\/v2\/pages\/615\/revisions"}],"predecessor-version":[{"id":2257,"href":"https:\/\/www.empp.co.uk\/wordpress\/wp-json\/wp\/v2\/pages\/615\/revisions\/2257"}],"wp:attachment":[{"href":"https:\/\/www.empp.co.uk\/wordpress\/wp-json\/wp\/v2\/media?parent=615"}],"curies":[{"name":"wp","href":"https:\/\/api.w.org\/{rel}","templated":true}]}}