{"id":539,"date":"2020-06-25T18:52:36","date_gmt":"2020-06-25T16:52:36","guid":{"rendered":"http:\/\/www.empp.co.uk\/wordpress\/?page_id=539"},"modified":"2023-04-12T17:21:23","modified_gmt":"2023-04-12T15:21:23","slug":"settled-status","status":"publish","type":"page","link":"https:\/\/www.empp.co.uk\/wordpress\/settled-status\/","title":{"rendered":"Settled status"},"content":{"rendered":"\n<h2 class=\"wp-block-heading\">Settled status<\/h2>\n\n\n\n<h5 class=\"wp-block-heading\">Biuro SPS, we wsp\u00f3\u0142pracy z Nottingham Law Centre, pomaga we wnioskowaniu o status osiedle\u0144ca. Osoby zainteresowane prosimy o um\u00f3wienie si\u0119 na spotkanie z naszym doradc\u0105. Wystarczy zadzwoni\u0107 pod numer telefonu 0737 514 69 35 lub napisa\u0107 e-mail pod adres info.empp@empp.co.uk.<\/h5>\n\n\n\n<hr class=\"wp-block-separator\"\/>\n\n\n<h2>Najcz\u0119\u015bciej zadawane pytania<\/h2>\n<p><strong>CO NALE\u017bY PRZYNIE\u015a\u0106 ZE SOB\u0104 NA SPOTKANIE?<\/strong><\/p>\n<p>We\u017a ze sob\u0105 paszport lub dow\u00f3d osobisty, telefon kom\u00f3rkowy i dane do logowania do skrzynki mailowej.&nbsp;<\/p>\n<p><strong>NIE MAM ADRESU MAILOWEGO, CO ROBI\u0106?<\/strong><\/p>\n<p>Pomo\u017cemy za\u0142o\u017cy\u0107 darmow\u0105 skrzynk\u0119 mailow\u0105, np. Google Mail.<\/p>\n<p><strong>MOJE DZIECKO MA PASZPORT BRYTYJSKI, CZY MUSZ\u0118 WNIOSKOWA\u0106 O SETTLED STATUS DLA NIEGO?<\/strong><\/p>\n<p>Nie, je\u015bli osoba posiada paszport brytyjski, nie musi aplikowa\u0107 o status osiedle\u0144ca.<\/p>\n<p><strong>CO ZABRA\u0106 JE\u015aLI APLIKACJA DOTYCZY DZIECKA?<\/strong><\/p>\n<p>We\u017a paszport dziecka i jego akt urodzenia. Musisz mie\u0107 ze sob\u0105 numer referencyjny swojej aplikacji je\u015bli ju\u017c stara\u0142e\u015b si\u0119 o status. Dziecko musi przyj\u015b\u0107 na spotkanie z Tob\u0105.<\/p>\n<p><strong>MAM PRZERWY W ZATRUDNIENIU, CZY NADAL MOG\u0118 APLIKOWA\u0106?<\/strong><\/p>\n<p>Tak, na spotkaniu doradca powie Ci jakie inne dokumenty i za jakie okresy nale\u017cy przedstawi\u0107 urz\u0119dnikom z Home Office.<\/p>\n<p><strong>ILE TO KOSZTUJE?<\/strong><\/p>\n<p>Nasza pomoc jest bezp\u0142atna. W przypadku konieczno\u015bci wys\u0142ania dokument\u00f3w do Home Office, nale\u017cy liczy\u0107 si\u0119 ze standardowymi op\u0142atami pocztowymi.<\/p>\n<p><\/p>","protected":false},"excerpt":{"rendered":"<p>Settled status Biuro SPS, we wsp\u00f3\u0142pracy z Nottingham Law Centre, pomaga we wnioskowaniu o status osiedle\u0144ca. Osoby zainteresowane prosimy o um\u00f3wienie si\u0119 na spotkanie z naszym doradc\u0105. Wystarczy zadzwoni\u0107 pod numer telefonu 0737 514 69 35 lub napisa\u0107 e-mail pod adres info.empp@empp.co.uk. Najcz\u0119\u015bciej zadawane pytania CO NALE\u017bY PRZYNIE\u015a\u0106 ZE SOB\u0104 NA SPOTKANIE? We\u017a ze sob\u0105 [&hellip;]<\/p>\n","protected":false},"author":1,"featured_media":0,"parent":0,"menu_order":0,"comment_status":"closed","ping_status":"closed","template":"","meta":{"footnotes":""},"class_list":["post-539","page","type-page","status-publish","hentry"],"_links":{"self":[{"href":"https:\/\/www.empp.co.uk\/wordpress\/wp-json\/wp\/v2\/pages\/539","targetHints":{"allow":["GET"]}}],"collection":[{"href":"https:\/\/www.empp.co.uk\/wordpress\/wp-json\/wp\/v2\/pages"}],"about":[{"href":"https:\/\/www.empp.co.uk\/wordpress\/wp-json\/wp\/v2\/types\/page"}],"author":[{"embeddable":true,"href":"https:\/\/www.empp.co.uk\/wordpress\/wp-json\/wp\/v2\/users\/1"}],"replies":[{"embeddable":true,"href":"https:\/\/www.empp.co.uk\/wordpress\/wp-json\/wp\/v2\/comments?post=539"}],"version-history":[{"count":25,"href":"https:\/\/www.empp.co.uk\/wordpress\/wp-json\/wp\/v2\/pages\/539\/revisions"}],"predecessor-version":[{"id":2258,"href":"https:\/\/www.empp.co.uk\/wordpress\/wp-json\/wp\/v2\/pages\/539\/revisions\/2258"}],"wp:attachment":[{"href":"https:\/\/www.empp.co.uk\/wordpress\/wp-json\/wp\/v2\/media?parent=539"}],"curies":[{"name":"wp","href":"https:\/\/api.w.org\/{rel}","templated":true}]}}