{"id":509,"date":"2020-06-25T17:32:53","date_gmt":"2020-06-25T15:32:53","guid":{"rendered":"http:\/\/www.empp.co.uk\/wordpress\/?page_id=509"},"modified":"2023-04-20T12:33:03","modified_gmt":"2023-04-20T10:33:03","slug":"raporty","status":"publish","type":"page","link":"https:\/\/www.empp.co.uk\/wordpress\/raporty\/","title":{"rendered":"Raporty"},"content":{"rendered":"\n<h2 class=\"wp-block-heading\">Raporty<\/h2>\n\n\n\n<p>Raporty i informacje dotycz\u0105ce organizacji The Signpost to Polish Success dost\u0119pne s\u0105 na stronach<a href=\"https:\/\/register-of-charities.charitycommission.gov.uk\/charity-search\/-\/charity-details\/4042544\/charity-overview\"> Charity Commission for England and Wales<\/a> (Charity number: 1126928) oraz <a href=\"https:\/\/find-and-update.company-information.service.gov.uk\/company\/06693843\">Companies House<\/a>.<\/p>\n","protected":false},"excerpt":{"rendered":"<p>Raporty Raporty i informacje dotycz\u0105ce organizacji The Signpost to Polish Success dost\u0119pne s\u0105 na stronach Charity Commission for England and Wales (Charity number: 1126928) oraz Companies House.<\/p>\n","protected":false},"author":1,"featured_media":0,"parent":0,"menu_order":0,"comment_status":"closed","ping_status":"closed","template":"","meta":{"footnotes":""},"class_list":["post-509","page","type-page","status-publish","hentry"],"_links":{"self":[{"href":"https:\/\/www.empp.co.uk\/wordpress\/wp-json\/wp\/v2\/pages\/509","targetHints":{"allow":["GET"]}}],"collection":[{"href":"https:\/\/www.empp.co.uk\/wordpress\/wp-json\/wp\/v2\/pages"}],"about":[{"href":"https:\/\/www.empp.co.uk\/wordpress\/wp-json\/wp\/v2\/types\/page"}],"author":[{"embeddable":true,"href":"https:\/\/www.empp.co.uk\/wordpress\/wp-json\/wp\/v2\/users\/1"}],"replies":[{"embeddable":true,"href":"https:\/\/www.empp.co.uk\/wordpress\/wp-json\/wp\/v2\/comments?post=509"}],"version-history":[{"count":11,"href":"https:\/\/www.empp.co.uk\/wordpress\/wp-json\/wp\/v2\/pages\/509\/revisions"}],"predecessor-version":[{"id":2370,"href":"https:\/\/www.empp.co.uk\/wordpress\/wp-json\/wp\/v2\/pages\/509\/revisions\/2370"}],"wp:attachment":[{"href":"https:\/\/www.empp.co.uk\/wordpress\/wp-json\/wp\/v2\/media?parent=509"}],"curies":[{"name":"wp","href":"https:\/\/api.w.org\/{rel}","templated":true}]}}