{"id":502,"date":"2020-06-25T17:19:04","date_gmt":"2020-06-25T15:19:04","guid":{"rendered":"http:\/\/www.empp.co.uk\/wordpress\/?page_id=502"},"modified":"2023-04-12T17:20:22","modified_gmt":"2023-04-12T15:20:22","slug":"pracownicy","status":"publish","type":"page","link":"https:\/\/www.empp.co.uk\/wordpress\/pracownicy\/","title":{"rendered":"Pracownicy"},"content":{"rendered":"\n<h2 class=\"wp-block-heading\">Pracownicy<\/h2>\n\n\n\n<p><strong>Beata Polanowska<\/strong><br>Manager<\/p>\n\n\n\n<p>Za\u0142o\u017cycielka organizacji SPS i redaktor naczelna gazety East Midlands po Polsku.<\/p>\n\n\n\n<hr class=\"wp-block-separator\"\/>\n\n\n\n<p><strong>Weronika Zielinska<\/strong><br>Communication &amp; Marketing Officer<\/p>\n\n\n\n<p>Zajmuje si\u0119 gazet\u0105 East Midlands po Polsku, stron\u0105 www, social media, oraz marketingiem.<\/p>\n\n\n\n<hr class=\"wp-block-separator\"\/>\n\n\n\n<p><br><strong>Beata Goraca<\/strong><br>Integration Support Officer<\/p>\n\n\n\n<p>Odpowiedzialna za udzielanie porad naszym klientom. Pomaga w kontakcie z angielskimi instytucjami, uzyskaniu zasi\u0142k\u00f3w, wyja\u015bnia nie\u015bcis\u0142o\u015bci, itp.<\/p>\n\n\n\n<hr class=\"wp-block-separator\"\/>\n\n\n\n<p><strong>Lena Augustynowicz<\/strong><br>Development Officer<\/p>\n\n\n\n<p>Wsp\u00f3\u0142pracuje z wolontariuszami i koordynuje lekcje j\u0119zyka angielskiego.<br><\/p>\n\n\n\n<hr class=\"wp-block-separator\"\/>\n\n\n\n<p><strong>Abi<\/strong><br>ESOL tutor<\/p>\n\n\n\n<p>Nauczycielka j\u0119zyka angielskiego z wieloletnim do\u015bwiadczeniem dydaktycznym.<\/p>\n","protected":false},"excerpt":{"rendered":"<p>Pracownicy Beata PolanowskaManager Za\u0142o\u017cycielka organizacji SPS i redaktor naczelna gazety East Midlands po Polsku. Weronika ZielinskaCommunication &amp; Marketing Officer Zajmuje si\u0119 gazet\u0105 East Midlands po Polsku, stron\u0105 www, social media, oraz marketingiem. Beata GoracaIntegration Support Officer Odpowiedzialna za udzielanie porad naszym klientom. Pomaga w kontakcie z angielskimi instytucjami, uzyskaniu zasi\u0142k\u00f3w, wyja\u015bnia nie\u015bcis\u0142o\u015bci, itp. Lena AugustynowiczDevelopment [&hellip;]<\/p>\n","protected":false},"author":1,"featured_media":0,"parent":0,"menu_order":0,"comment_status":"closed","ping_status":"closed","template":"","meta":{"footnotes":""},"class_list":["post-502","page","type-page","status-publish","hentry"],"_links":{"self":[{"href":"https:\/\/www.empp.co.uk\/wordpress\/wp-json\/wp\/v2\/pages\/502","targetHints":{"allow":["GET"]}}],"collection":[{"href":"https:\/\/www.empp.co.uk\/wordpress\/wp-json\/wp\/v2\/pages"}],"about":[{"href":"https:\/\/www.empp.co.uk\/wordpress\/wp-json\/wp\/v2\/types\/page"}],"author":[{"embeddable":true,"href":"https:\/\/www.empp.co.uk\/wordpress\/wp-json\/wp\/v2\/users\/1"}],"replies":[{"embeddable":true,"href":"https:\/\/www.empp.co.uk\/wordpress\/wp-json\/wp\/v2\/comments?post=502"}],"version-history":[{"count":13,"href":"https:\/\/www.empp.co.uk\/wordpress\/wp-json\/wp\/v2\/pages\/502\/revisions"}],"predecessor-version":[{"id":2255,"href":"https:\/\/www.empp.co.uk\/wordpress\/wp-json\/wp\/v2\/pages\/502\/revisions\/2255"}],"wp:attachment":[{"href":"https:\/\/www.empp.co.uk\/wordpress\/wp-json\/wp\/v2\/media?parent=502"}],"curies":[{"name":"wp","href":"https:\/\/api.w.org\/{rel}","templated":true}]}}