{"id":318,"date":"2020-06-10T18:34:12","date_gmt":"2020-06-10T16:34:12","guid":{"rendered":"http:\/\/www.empp.co.uk\/wordpress\/?page_id=318"},"modified":"2023-04-12T17:19:33","modified_gmt":"2023-04-12T15:19:33","slug":"kontakt","status":"publish","type":"page","link":"https:\/\/www.empp.co.uk\/wordpress\/kontakt\/","title":{"rendered":"Kontakt"},"content":{"rendered":"\n<h2 class=\"wp-block-heading\">Kontakt<\/h2>\n\n\n<h3 style=\"text-align: center;\"><strong>The Signpost to Polish Success<\/strong><\/h3>\n<h4 style=\"text-align: center;\"><strong>Adres:<\/strong><br>\nTennyson<br>\nForest Road West<br>\nNG7 4EP<br>\nNottingham<\/h4>\n<h5 style=\"text-align: center;\"><strong>Telefon:<\/strong>&nbsp;0115 970 0446<\/h5>\n<h5 style=\"text-align: center;\"><strong>E-mail:<\/strong> <a href=\"mailto:help@empp.co.uk\">help@empp.co.uk<\/a><\/h5>\n<h5><\/h5>\n<p style=\"text-align: center;\">Godziny otwarcia biura:<br>\nPoniedzia\u0142ek: 10.00-17.00<br>\nWtorek: 10.00-17.00<br>\n\u015aroda: 10.00-17.00<br>\nCzwartek: 10.00-17.00<br>\nPi\u0105tek: nieczynne<\/p>\n<p style=\"text-align: center;\"><!-- [et_pb_line_break_holder] --><iframe loading=\"lazy\" src=\"https:\/\/maps.google.pl\/maps?f=q&amp;source=s_q&amp;hl=pl&amp;geocode=&amp;q=ng7+4ep&amp;aq=&amp;sll=52.025459,19.204102&amp;sspn=8.224655,21.643066&amp;ie=UTF8&amp;hq=&amp;hnear=NG7+4EP,+Wielka+Brytania&amp;t=m&amp;z=14&amp;ll=52.960831,-1.166045&amp;output=embed\" width=\"850\" height=\"450\" frameborder=\"0\" marginwidth=\"0\" marginheight=\"0\" scrolling=\"no\"><\/iframe><br>\n<small><a style=\"color: #0000ff; text-align: left;\" href=\"https:\/\/maps.google.pl\/maps?f=q&amp;source=embed&amp;hl=pl&amp;geocode=&amp;q=ng7+4ep&amp;aq=&amp;sll=52.025459,19.204102&amp;sspn=8.224655,21.643066&amp;ie=UTF8&amp;hq=&amp;hnear=NG7+4EP,+Wielka+Brytania&amp;t=m&amp;z=14&amp;ll=52.960831,-1.166045\">Wy\u015bwietl wi\u0119ksz\u0105 map\u0119<\/a><\/small><!-- [et_pb_line_break_holder] --><br>\n<!-- [et_pb_line_break_holder] --><\/p>","protected":false},"excerpt":{"rendered":"<p>Kontakt The Signpost to Polish Success Adres: Tennyson Forest Road West NG7 4EP Nottingham Telefon:&nbsp;0115 970 0446 E-mail: help@empp.co.uk Godziny otwarcia biura: Poniedzia\u0142ek: 10.00-17.00 Wtorek: 10.00-17.00 \u015aroda: 10.00-17.00 Czwartek: 10.00-17.00 Pi\u0105tek: nieczynne Wy\u015bwietl wi\u0119ksz\u0105 map\u0119<\/p>\n","protected":false},"author":1,"featured_media":0,"parent":0,"menu_order":0,"comment_status":"closed","ping_status":"closed","template":"","meta":{"footnotes":""},"class_list":["post-318","page","type-page","status-publish","hentry"],"_links":{"self":[{"href":"https:\/\/www.empp.co.uk\/wordpress\/wp-json\/wp\/v2\/pages\/318","targetHints":{"allow":["GET"]}}],"collection":[{"href":"https:\/\/www.empp.co.uk\/wordpress\/wp-json\/wp\/v2\/pages"}],"about":[{"href":"https:\/\/www.empp.co.uk\/wordpress\/wp-json\/wp\/v2\/types\/page"}],"author":[{"embeddable":true,"href":"https:\/\/www.empp.co.uk\/wordpress\/wp-json\/wp\/v2\/users\/1"}],"replies":[{"embeddable":true,"href":"https:\/\/www.empp.co.uk\/wordpress\/wp-json\/wp\/v2\/comments?post=318"}],"version-history":[{"count":35,"href":"https:\/\/www.empp.co.uk\/wordpress\/wp-json\/wp\/v2\/pages\/318\/revisions"}],"predecessor-version":[{"id":2252,"href":"https:\/\/www.empp.co.uk\/wordpress\/wp-json\/wp\/v2\/pages\/318\/revisions\/2252"}],"wp:attachment":[{"href":"https:\/\/www.empp.co.uk\/wordpress\/wp-json\/wp\/v2\/media?parent=318"}],"curies":[{"name":"wp","href":"https:\/\/api.w.org\/{rel}","templated":true}]}}