{"id":1062,"date":"2020-09-17T19:04:47","date_gmt":"2020-09-17T17:04:47","guid":{"rendered":"http:\/\/www.empp.co.uk\/wordpress\/?page_id=1062"},"modified":"2023-04-12T17:19:10","modified_gmt":"2023-04-12T15:19:10","slug":"events-2","status":"publish","type":"page","link":"https:\/\/www.empp.co.uk\/wordpress\/events-2\/","title":{"rendered":"Imprezy"},"content":{"rendered":"\n<h2 class=\"wp-block-heading\">Imprezy<\/h2>\n\n\n<p>SPS od wielu lat organizuje wiele rodzinnych imprez, kt\u00f3re ciesz\u0105 si\u0119 du\u017c\u0105 popularno\u015bci\u0105. W lutym zapraszamy na T\u0142usty Czwartek w Sobot\u0119 (imprez\u0119 organizowan\u0105 we wsp\u00f3\u0142pracy z galeri\u0105 New Art Exchange), a na prze\u0142omie maja i czerwca na weso\u0142y Dzie\u0144 Dziecka. Organizowali\u015bmy ponadto wyst\u0119py teatralne, a ostatnio internetowe webinary oraz warsztaty zdrowotne.<\/p>\n<p>Na naszych imprezach go\u015bcimy du\u017co ludzi, nie tylko Polak\u00f3w i nie tylko z East Midlands.<\/p>","protected":false},"excerpt":{"rendered":"<p>Imprezy SPS od wielu lat organizuje wiele rodzinnych imprez, kt\u00f3re ciesz\u0105 si\u0119 du\u017c\u0105 popularno\u015bci\u0105. W lutym zapraszamy na T\u0142usty Czwartek w Sobot\u0119 (imprez\u0119 organizowan\u0105 we wsp\u00f3\u0142pracy z galeri\u0105 New Art Exchange), a na prze\u0142omie maja i czerwca na weso\u0142y Dzie\u0144 Dziecka. Organizowali\u015bmy ponadto wyst\u0119py teatralne, a ostatnio internetowe webinary oraz warsztaty zdrowotne. Na naszych imprezach [&hellip;]<\/p>\n","protected":false},"author":1,"featured_media":0,"parent":0,"menu_order":0,"comment_status":"closed","ping_status":"closed","template":"","meta":{"footnotes":""},"class_list":["post-1062","page","type-page","status-publish","hentry"],"_links":{"self":[{"href":"https:\/\/www.empp.co.uk\/wordpress\/wp-json\/wp\/v2\/pages\/1062","targetHints":{"allow":["GET"]}}],"collection":[{"href":"https:\/\/www.empp.co.uk\/wordpress\/wp-json\/wp\/v2\/pages"}],"about":[{"href":"https:\/\/www.empp.co.uk\/wordpress\/wp-json\/wp\/v2\/types\/page"}],"author":[{"embeddable":true,"href":"https:\/\/www.empp.co.uk\/wordpress\/wp-json\/wp\/v2\/users\/1"}],"replies":[{"embeddable":true,"href":"https:\/\/www.empp.co.uk\/wordpress\/wp-json\/wp\/v2\/comments?post=1062"}],"version-history":[{"count":18,"href":"https:\/\/www.empp.co.uk\/wordpress\/wp-json\/wp\/v2\/pages\/1062\/revisions"}],"predecessor-version":[{"id":2251,"href":"https:\/\/www.empp.co.uk\/wordpress\/wp-json\/wp\/v2\/pages\/1062\/revisions\/2251"}],"wp:attachment":[{"href":"https:\/\/www.empp.co.uk\/wordpress\/wp-json\/wp\/v2\/media?parent=1062"}],"curies":[{"name":"wp","href":"https:\/\/api.w.org\/{rel}","templated":true}]}}