{"id":1040,"date":"2020-09-17T17:22:08","date_gmt":"2020-09-17T15:22:08","guid":{"rendered":"http:\/\/www.empp.co.uk\/wordpress\/?page_id=1040"},"modified":"2024-04-18T17:34:10","modified_gmt":"2024-04-18T15:34:10","slug":"newspaper-2","status":"publish","type":"page","link":"https:\/\/www.empp.co.uk\/wordpress\/newspaper-2\/","title":{"rendered":"Gazeta"},"content":{"rendered":"\n<h2 class=\"wp-block-heading\"><strong>Gazeta<\/strong><\/h2>\n\n\n<p>Bezp\u0142atna gazeta East Midlands po Polsku wydawana jest od marca 2007 roku. Ka\u017cdego miesi\u0105ca czytana jest przez oko\u0142o 10000 Polak\u00f3w mieszkaj\u0105cych w East Midlands. Gazet\u0119 mo\u017cna znale\u017a\u0107 w sklepach, punktach us\u0142ugowych, ko\u015bcio\u0142ach i polskich klubach w Nottingham, Mansfield, Leicester, Lincoln, Derby, Sutton in Ashfield, Grantham, Newark on Trent, Melton Mawbray, itp.<\/p>\n<p><img loading=\"lazy\" decoding=\"async\" class=\"aligncenter size-full wp-image-1105\" src=\"http:\/\/www.empp.co.uk\/wordpress\/wp-content\/uploads\/2021\/02\/gazeta.jpg\" alt=\"\" width=\"755\" height=\"358\" srcset=\"https:\/\/www.empp.co.uk\/wordpress\/wp-content\/uploads\/2021\/02\/gazeta.jpg 755w, https:\/\/www.empp.co.uk\/wordpress\/wp-content\/uploads\/2021\/02\/gazeta-300x142.jpg 300w\" sizes=\"auto, (max-width: 755px) 100vw, 755px\" \/><\/p>\n<p>Dok\u0142adamy wszelkich stara\u0144, \u017ceby nasze artyku\u0142y by\u0142y rzetelnym \u017ar\u00f3d\u0142em wiedzy.<\/p>\n<p>Archiwalne numery gazety mo\u017cna znale\u017a\u0107 na <a href=\"https:\/\/issuu.com\/empp\">portalu wydawniczym Issuu<\/a>.<\/p>","protected":false},"excerpt":{"rendered":"<p>Gazeta Bezp\u0142atna gazeta East Midlands po Polsku wydawana jest od marca 2007 roku. Ka\u017cdego miesi\u0105ca czytana jest przez oko\u0142o 10000 Polak\u00f3w mieszkaj\u0105cych w East Midlands. Gazet\u0119 mo\u017cna znale\u017a\u0107 w sklepach, punktach us\u0142ugowych, ko\u015bcio\u0142ach i polskich klubach w Nottingham, Mansfield, Leicester, Lincoln, Derby, Sutton in Ashfield, Grantham, Newark on Trent, Melton Mawbray, itp. Dok\u0142adamy wszelkich stara\u0144, [&hellip;]<\/p>\n","protected":false},"author":1,"featured_media":0,"parent":0,"menu_order":0,"comment_status":"closed","ping_status":"closed","template":"","meta":{"footnotes":""},"class_list":["post-1040","page","type-page","status-publish","hentry"],"_links":{"self":[{"href":"https:\/\/www.empp.co.uk\/wordpress\/wp-json\/wp\/v2\/pages\/1040","targetHints":{"allow":["GET"]}}],"collection":[{"href":"https:\/\/www.empp.co.uk\/wordpress\/wp-json\/wp\/v2\/pages"}],"about":[{"href":"https:\/\/www.empp.co.uk\/wordpress\/wp-json\/wp\/v2\/types\/page"}],"author":[{"embeddable":true,"href":"https:\/\/www.empp.co.uk\/wordpress\/wp-json\/wp\/v2\/users\/1"}],"replies":[{"embeddable":true,"href":"https:\/\/www.empp.co.uk\/wordpress\/wp-json\/wp\/v2\/comments?post=1040"}],"version-history":[{"count":4,"href":"https:\/\/www.empp.co.uk\/wordpress\/wp-json\/wp\/v2\/pages\/1040\/revisions"}],"predecessor-version":[{"id":2529,"href":"https:\/\/www.empp.co.uk\/wordpress\/wp-json\/wp\/v2\/pages\/1040\/revisions\/2529"}],"wp:attachment":[{"href":"https:\/\/www.empp.co.uk\/wordpress\/wp-json\/wp\/v2\/media?parent=1040"}],"curies":[{"name":"wp","href":"https:\/\/api.w.org\/{rel}","templated":true}]}}