{"id":1038,"date":"2020-09-17T17:21:28","date_gmt":"2020-09-17T15:21:28","guid":{"rendered":"http:\/\/www.empp.co.uk\/wordpress\/?page_id=1038"},"modified":"2023-04-12T17:18:03","modified_gmt":"2023-04-12T15:18:03","slug":"food-bank","status":"publish","type":"page","link":"https:\/\/www.empp.co.uk\/wordpress\/food-bank\/","title":{"rendered":"Food Bank"},"content":{"rendered":"\n<h2 class=\"wp-block-heading\"><strong>Food Bank<\/strong><\/h2>\n\n\n<p>SPS prowadzi ma\u0142y bank \u017cywno\u015bci. Referujemy naszych klient\u00f3w r\u00f3wnie\u017c do wi\u0119kszych punkt\u00f3w, w kt\u00f3rych mog\u0105 uzyska\u0107 wi\u0119cej produkt\u00f3w pierwszej potrzeby.<\/p>","protected":false},"excerpt":{"rendered":"<p>Food Bank SPS prowadzi ma\u0142y bank \u017cywno\u015bci. Referujemy naszych klient\u00f3w r\u00f3wnie\u017c do wi\u0119kszych punkt\u00f3w, w kt\u00f3rych mog\u0105 uzyska\u0107 wi\u0119cej produkt\u00f3w pierwszej potrzeby.<\/p>\n","protected":false},"author":1,"featured_media":0,"parent":0,"menu_order":0,"comment_status":"closed","ping_status":"closed","template":"","meta":{"footnotes":""},"class_list":["post-1038","page","type-page","status-publish","hentry"],"_links":{"self":[{"href":"https:\/\/www.empp.co.uk\/wordpress\/wp-json\/wp\/v2\/pages\/1038","targetHints":{"allow":["GET"]}}],"collection":[{"href":"https:\/\/www.empp.co.uk\/wordpress\/wp-json\/wp\/v2\/pages"}],"about":[{"href":"https:\/\/www.empp.co.uk\/wordpress\/wp-json\/wp\/v2\/types\/page"}],"author":[{"embeddable":true,"href":"https:\/\/www.empp.co.uk\/wordpress\/wp-json\/wp\/v2\/users\/1"}],"replies":[{"embeddable":true,"href":"https:\/\/www.empp.co.uk\/wordpress\/wp-json\/wp\/v2\/comments?post=1038"}],"version-history":[{"count":4,"href":"https:\/\/www.empp.co.uk\/wordpress\/wp-json\/wp\/v2\/pages\/1038\/revisions"}],"predecessor-version":[{"id":2247,"href":"https:\/\/www.empp.co.uk\/wordpress\/wp-json\/wp\/v2\/pages\/1038\/revisions\/2247"}],"wp:attachment":[{"href":"https:\/\/www.empp.co.uk\/wordpress\/wp-json\/wp\/v2\/media?parent=1038"}],"curies":[{"name":"wp","href":"https:\/\/api.w.org\/{rel}","templated":true}]}}