{"id":1034,"date":"2020-09-17T17:17:05","date_gmt":"2020-09-17T15:17:05","guid":{"rendered":"http:\/\/www.empp.co.uk\/wordpress\/?page_id=1034"},"modified":"2023-04-18T16:09:06","modified_gmt":"2023-04-18T14:09:06","slug":"hate-crime-reporting-centre","status":"publish","type":"page","link":"https:\/\/www.empp.co.uk\/wordpress\/hate-crime-reporting-centre\/","title":{"rendered":"Hate crime reporting centre"},"content":{"rendered":"\n<h2 class=\"wp-block-heading\">Hate crime reportig centre<\/h2>\n\n\n<p>W biurze SPS mo\u017cna zg\u0142asza\u0107 przejawy 'hate crime&#8217;, czyli wszelkie incydenty na tle narodowo\u015bciowym.<\/p>\n<p>W listopadzie 2020 roku, pracownicy SPS i Nottinghamshire Police zorganizowali bardzo ciekawy webinar dotycz\u0105cy nienawi\u015bci wobec mniejszo\u015bci. Go\u015bciem dr Beaty Polanowskiej by\u0142a Hate Crime Officer Marta Bugajska. Wszystkich zainteresowanych zapraszamy do obejrzenia tego webinaru:<\/p>\n<p>&nbsp;<\/p>\n<p><\/p>\n<p><\/p><center><br>\n<iframe loading=\"lazy\" style=\"border: none; overflow: hidden;\" src=\"https:\/\/www.facebook.com\/plugins\/video.php?height=314&amp;href=https%3A%2F%2Fwww.facebook.com%2Feastmidlands.popolsku%2Fvideos%2F223174985819067%2F&amp;show_text=false&amp;width=560\" width=\"560\" height=\"314\" frameborder=\"0\" scrolling=\"no\" allowfullscreen=\"allowfullscreen\"><\/iframe><\/center><p><\/p>\n\n\n<figure class=\"wp-block-image\"><img loading=\"lazy\" decoding=\"async\" width=\"1024\" height=\"738\" src=\"https:\/\/www.empp.co.uk\/wordpress\/wp-content\/uploads\/2023\/04\/hate-crime2-1024x738.png\" alt=\"\" class=\"wp-image-2358\" srcset=\"https:\/\/www.empp.co.uk\/wordpress\/wp-content\/uploads\/2023\/04\/hate-crime2-1024x738.png 1024w, https:\/\/www.empp.co.uk\/wordpress\/wp-content\/uploads\/2023\/04\/hate-crime2-300x216.png 300w, https:\/\/www.empp.co.uk\/wordpress\/wp-content\/uploads\/2023\/04\/hate-crime2-768x554.png 768w, https:\/\/www.empp.co.uk\/wordpress\/wp-content\/uploads\/2023\/04\/hate-crime2-600x433.png 600w, https:\/\/www.empp.co.uk\/wordpress\/wp-content\/uploads\/2023\/04\/hate-crime2.png 1226w\" sizes=\"auto, (max-width: 1024px) 100vw, 1024px\" \/><\/figure>\n\n\n\n<figure class=\"wp-block-image\"><img loading=\"lazy\" decoding=\"async\" width=\"1024\" height=\"738\" src=\"https:\/\/www.empp.co.uk\/wordpress\/wp-content\/uploads\/2023\/04\/Polish-What-Happens-When-You-Report-Hate-Crime1-1024x738.png\" alt=\"\" class=\"wp-image-2359\" srcset=\"https:\/\/www.empp.co.uk\/wordpress\/wp-content\/uploads\/2023\/04\/Polish-What-Happens-When-You-Report-Hate-Crime1-1024x738.png 1024w, https:\/\/www.empp.co.uk\/wordpress\/wp-content\/uploads\/2023\/04\/Polish-What-Happens-When-You-Report-Hate-Crime1-300x216.png 300w, https:\/\/www.empp.co.uk\/wordpress\/wp-content\/uploads\/2023\/04\/Polish-What-Happens-When-You-Report-Hate-Crime1-768x554.png 768w, https:\/\/www.empp.co.uk\/wordpress\/wp-content\/uploads\/2023\/04\/Polish-What-Happens-When-You-Report-Hate-Crime1-600x433.png 600w, https:\/\/www.empp.co.uk\/wordpress\/wp-content\/uploads\/2023\/04\/Polish-What-Happens-When-You-Report-Hate-Crime1.png 1226w\" sizes=\"auto, (max-width: 1024px) 100vw, 1024px\" \/><\/figure>\n","protected":false},"excerpt":{"rendered":"<p>Hate crime reportig centre W biurze SPS mo\u017cna zg\u0142asza\u0107 przejawy 'hate crime&#8217;, czyli wszelkie incydenty na tle narodowo\u015bciowym. W listopadzie 2020 roku, pracownicy SPS i Nottinghamshire Police zorganizowali bardzo ciekawy webinar dotycz\u0105cy nienawi\u015bci wobec mniejszo\u015bci. Go\u015bciem dr Beaty Polanowskiej by\u0142a Hate Crime Officer Marta Bugajska. Wszystkich zainteresowanych zapraszamy do obejrzenia tego webinaru: &nbsp;<\/p>\n","protected":false},"author":1,"featured_media":0,"parent":0,"menu_order":0,"comment_status":"closed","ping_status":"closed","template":"","meta":{"footnotes":""},"class_list":["post-1034","page","type-page","status-publish","hentry"],"_links":{"self":[{"href":"https:\/\/www.empp.co.uk\/wordpress\/wp-json\/wp\/v2\/pages\/1034","targetHints":{"allow":["GET"]}}],"collection":[{"href":"https:\/\/www.empp.co.uk\/wordpress\/wp-json\/wp\/v2\/pages"}],"about":[{"href":"https:\/\/www.empp.co.uk\/wordpress\/wp-json\/wp\/v2\/types\/page"}],"author":[{"embeddable":true,"href":"https:\/\/www.empp.co.uk\/wordpress\/wp-json\/wp\/v2\/users\/1"}],"replies":[{"embeddable":true,"href":"https:\/\/www.empp.co.uk\/wordpress\/wp-json\/wp\/v2\/comments?post=1034"}],"version-history":[{"count":11,"href":"https:\/\/www.empp.co.uk\/wordpress\/wp-json\/wp\/v2\/pages\/1034\/revisions"}],"predecessor-version":[{"id":2360,"href":"https:\/\/www.empp.co.uk\/wordpress\/wp-json\/wp\/v2\/pages\/1034\/revisions\/2360"}],"wp:attachment":[{"href":"https:\/\/www.empp.co.uk\/wordpress\/wp-json\/wp\/v2\/media?parent=1034"}],"curies":[{"name":"wp","href":"https:\/\/api.w.org\/{rel}","templated":true}]}}